{"id":602,"date":"2025-03-15T20:54:44","date_gmt":"2025-03-15T20:54:44","guid":{"rendered":"https:\/\/advproyectosavanzados.com\/producto\/certificado-de-ocupacion-y-estudios-tecnicos\/"},"modified":"2025-03-15T20:54:44","modified_gmt":"2025-03-15T20:54:44","slug":"certificado-de-ocupacion-y-estudios-tecnicos","status":"publish","type":"product","link":"https:\/\/advproyectosavanzados.com\/en\/producto\/certificado-de-ocupacion-y-estudios-tecnicos\/","title":{"rendered":"Certificado de Ocupaci\u00f3n y Estudios T\u00e9cnicos"},"content":{"rendered":"<p>Certificados y estudios t\u00e9cnicos para ocupaci\u00f3n de viviendas, garantizando cumplimiento normativo y seguridad.<\/p>\n","protected":false},"excerpt":{"rendered":"<p>Certificados y estudios t\u00e9cnicos para ocupaci\u00f3n de viviendas.<\/p>\n","protected":false},"featured_media":0,"comment_status":"open","ping_status":"closed","template":"","meta":{"_acf_changed":false,"iawp_total_views":0},"marca":[57,77],"product_brand":[],"product_cat":[17],"product_tag":[107,112,110],"class_list":{"0":"post-602","1":"product","2":"type-product","3":"status-publish","5":"marca-adv-arquitectos","6":"marca-servicios-adv","7":"product_cat-sin-categorizar","8":"product_tag-certificacion-en","9":"product_tag-estudios-tecnicos-en","10":"product_tag-ocupacion-vivienda-en","12":"first","13":"instock","14":"sale","15":"shipping-taxable","16":"purchasable","17":"product-type-simple"},"acf":[],"yoast_head":"<!-- This site is optimized with the Yoast SEO plugin v27.4 - https:\/\/yoast.com\/product\/yoast-seo-wordpress\/ -->\n<title>Certificado de Ocupaci\u00f3n y Estudios T\u00e9cnicos - ADV<\/title>\n<meta name=\"robots\" content=\"index, follow, max-snippet:-1, max-image-preview:large, max-video-preview:-1\" \/>\n<link rel=\"canonical\" href=\"https:\/\/advproyectosavanzados.com\/en\/producto\/certificado-de-ocupacion-y-estudios-tecnicos\/\" \/>\n<meta property=\"og:locale\" content=\"en_US\" \/>\n<meta property=\"og:type\" content=\"article\" \/>\n<meta property=\"og:title\" content=\"Certificado de Ocupaci\u00f3n y Estudios T\u00e9cnicos - ADV\" \/>\n<meta property=\"og:description\" content=\"Certificados y estudios t\u00e9cnicos para ocupaci\u00f3n de viviendas.\" \/>\n<meta property=\"og:url\" content=\"https:\/\/advproyectosavanzados.com\/en\/producto\/certificado-de-ocupacion-y-estudios-tecnicos\/\" \/>\n<meta property=\"og:site_name\" content=\"ADV\" \/>\n<meta property=\"og:image\" content=\"https:\/\/advproyectosavanzados.com\/wp-content\/uploads\/2025\/03\/Leonardo_Vision_XL_Un_diseo_de_imagen_que_transmita_formalidad_0.jpg\" \/>\n\t<meta property=\"og:image:width\" content=\"1792\" \/>\n\t<meta property=\"og:image:height\" content=\"1456\" \/>\n\t<meta property=\"og:image:type\" content=\"image\/jpeg\" \/>\n<meta name=\"twitter:card\" content=\"summary_large_image\" \/>\n<!-- \/ Yoast SEO plugin. -->","yoast_head_json":{"title":"Certificado de Ocupaci\u00f3n y Estudios T\u00e9cnicos - ADV","robots":{"index":"index","follow":"follow","max-snippet":"max-snippet:-1","max-image-preview":"max-image-preview:large","max-video-preview":"max-video-preview:-1"},"canonical":"https:\/\/advproyectosavanzados.com\/en\/producto\/certificado-de-ocupacion-y-estudios-tecnicos\/","og_locale":"en_US","og_type":"article","og_title":"Certificado de Ocupaci\u00f3n y Estudios T\u00e9cnicos - ADV","og_description":"Certificados y estudios t\u00e9cnicos para ocupaci\u00f3n de viviendas.","og_url":"https:\/\/advproyectosavanzados.com\/en\/producto\/certificado-de-ocupacion-y-estudios-tecnicos\/","og_site_name":"ADV","og_image":[{"width":1792,"height":1456,"url":"https:\/\/advproyectosavanzados.com\/wp-content\/uploads\/2025\/03\/Leonardo_Vision_XL_Un_diseo_de_imagen_que_transmita_formalidad_0.jpg","type":"image\/jpeg"}],"twitter_card":"summary_large_image","schema":{"@context":"https:\/\/schema.org","@graph":[{"@type":"WebPage","@id":"https:\/\/advproyectosavanzados.com\/en\/producto\/certificado-de-ocupacion-y-estudios-tecnicos\/","url":"https:\/\/advproyectosavanzados.com\/en\/producto\/certificado-de-ocupacion-y-estudios-tecnicos\/","name":"Certificado de Ocupaci\u00f3n y Estudios T\u00e9cnicos - ADV","isPartOf":{"@id":"https:\/\/advproyectosavanzados.com\/en\/#website"},"datePublished":"2025-03-15T20:54:44+00:00","breadcrumb":{"@id":"https:\/\/advproyectosavanzados.com\/en\/producto\/certificado-de-ocupacion-y-estudios-tecnicos\/#breadcrumb"},"inLanguage":"en-US","potentialAction":[{"@type":"ReadAction","target":["https:\/\/advproyectosavanzados.com\/en\/producto\/certificado-de-ocupacion-y-estudios-tecnicos\/"]}]},{"@type":"BreadcrumbList","@id":"https:\/\/advproyectosavanzados.com\/en\/producto\/certificado-de-ocupacion-y-estudios-tecnicos\/#breadcrumb","itemListElement":[{"@type":"ListItem","position":1,"name":"Portada","item":"https:\/\/advproyectosavanzados.com\/en\/"},{"@type":"ListItem","position":2,"name":"Tienda","item":"https:\/\/advproyectosavanzados.com\/en\/tienda\/"},{"@type":"ListItem","position":3,"name":"Certificado de Ocupaci\u00f3n y Estudios T\u00e9cnicos"}]},{"@type":"WebSite","@id":"https:\/\/advproyectosavanzados.com\/en\/#website","url":"https:\/\/advproyectosavanzados.com\/en\/","name":"ADV","description":"","publisher":{"@id":"https:\/\/advproyectosavanzados.com\/en\/#organization"},"potentialAction":[{"@type":"SearchAction","target":{"@type":"EntryPoint","urlTemplate":"https:\/\/advproyectosavanzados.com\/en\/?s={search_term_string}"},"query-input":{"@type":"PropertyValueSpecification","valueRequired":true,"valueName":"search_term_string"}}],"inLanguage":"en-US"},{"@type":"Organization","@id":"https:\/\/advproyectosavanzados.com\/en\/#organization","name":"ADV","url":"https:\/\/advproyectosavanzados.com\/en\/","logo":{"@type":"ImageObject","inLanguage":"en-US","@id":"https:\/\/advproyectosavanzados.com\/en\/#\/schema\/logo\/image\/","url":"https:\/\/advproyectosavanzados.com\/wp-content\/uploads\/2025\/03\/67d45bd122220_advanced-projects.png","contentUrl":"https:\/\/advproyectosavanzados.com\/wp-content\/uploads\/2025\/03\/67d45bd122220_advanced-projects.png","width":2560,"height":1810,"caption":"ADV"},"image":{"@id":"https:\/\/advproyectosavanzados.com\/en\/#\/schema\/logo\/image\/"}}]}},"_links":{"self":[{"href":"https:\/\/advproyectosavanzados.com\/en\/wp-json\/wp\/v2\/product\/602","targetHints":{"allow":["GET"]}}],"collection":[{"href":"https:\/\/advproyectosavanzados.com\/en\/wp-json\/wp\/v2\/product"}],"about":[{"href":"https:\/\/advproyectosavanzados.com\/en\/wp-json\/wp\/v2\/types\/product"}],"replies":[{"embeddable":true,"href":"https:\/\/advproyectosavanzados.com\/en\/wp-json\/wp\/v2\/comments?post=602"}],"wp:attachment":[{"href":"https:\/\/advproyectosavanzados.com\/en\/wp-json\/wp\/v2\/media?parent=602"}],"wp:term":[{"taxonomy":"marca","embeddable":true,"href":"https:\/\/advproyectosavanzados.com\/en\/wp-json\/wp\/v2\/marca?post=602"},{"taxonomy":"product_brand","embeddable":true,"href":"https:\/\/advproyectosavanzados.com\/en\/wp-json\/wp\/v2\/product_brand?post=602"},{"taxonomy":"product_cat","embeddable":true,"href":"https:\/\/advproyectosavanzados.com\/en\/wp-json\/wp\/v2\/product_cat?post=602"},{"taxonomy":"product_tag","embeddable":true,"href":"https:\/\/advproyectosavanzados.com\/en\/wp-json\/wp\/v2\/product_tag?post=602"}],"curies":[{"name":"wp","href":"https:\/\/api.w.org\/{rel}","templated":true}]}}