{"id":608,"date":"2025-03-15T20:49:29","date_gmt":"2025-03-15T20:49:29","guid":{"rendered":"https:\/\/advproyectosavanzados.com\/producto\/informe-de-calculo-estructural-y-mediciones\/"},"modified":"2025-03-15T20:49:29","modified_gmt":"2025-03-15T20:49:29","slug":"informe-de-calculo-estructural-y-mediciones","status":"publish","type":"product","link":"https:\/\/advproyectosavanzados.com\/en\/producto\/informe-de-calculo-estructural-y-mediciones\/","title":{"rendered":"Informe de C\u00e1lculo Estructural y Mediciones"},"content":{"rendered":"<p>Garantiza precisi\u00f3n en c\u00e1lculos y mediciones estructurales con nuestros informes certificados.<\/p>\n","protected":false},"excerpt":{"rendered":"<p>Informes certificados para c\u00e1lculos y mediciones precisas.<\/p>\n","protected":false},"featured_media":0,"comment_status":"open","ping_status":"closed","template":"","meta":{"_acf_changed":false,"iawp_total_views":0},"marca":[66,67],"product_brand":[],"product_cat":[17],"product_tag":[102,116,117],"class_list":{"0":"post-608","1":"product","2":"type-product","3":"status-publish","5":"marca-adv","6":"marca-arquitectura-adv","7":"product_cat-sin-categorizar","8":"product_tag-calculo-estructural-en","9":"product_tag-informes-certificados-en","10":"product_tag-mediciones-precisas-en","12":"first","13":"instock","14":"shipping-taxable","15":"purchasable","16":"product-type-simple"},"acf":[],"yoast_head":"<!-- This site is optimized with the Yoast SEO plugin v27.4 - https:\/\/yoast.com\/product\/yoast-seo-wordpress\/ -->\n<title>Informe de C\u00e1lculo Estructural y Mediciones - ADV<\/title>\n<meta name=\"robots\" content=\"index, follow, max-snippet:-1, max-image-preview:large, max-video-preview:-1\" \/>\n<link rel=\"canonical\" href=\"https:\/\/advproyectosavanzados.com\/en\/producto\/informe-de-calculo-estructural-y-mediciones\/\" \/>\n<meta property=\"og:locale\" content=\"en_US\" \/>\n<meta property=\"og:type\" content=\"article\" \/>\n<meta property=\"og:title\" content=\"Informe de C\u00e1lculo Estructural y Mediciones - ADV\" \/>\n<meta property=\"og:description\" content=\"Informes certificados para c\u00e1lculos y mediciones precisas.\" \/>\n<meta property=\"og:url\" content=\"https:\/\/advproyectosavanzados.com\/en\/producto\/informe-de-calculo-estructural-y-mediciones\/\" \/>\n<meta property=\"og:site_name\" content=\"ADV\" \/>\n<meta property=\"og:image\" content=\"https:\/\/advproyectosavanzados.com\/wp-content\/uploads\/2025\/03\/Leonardo_Vision_XL_La_imagen_muestra_un_espacio_arquitectnico_0.jpg\" \/>\n\t<meta property=\"og:image:width\" content=\"1792\" \/>\n\t<meta property=\"og:image:height\" content=\"1456\" \/>\n\t<meta property=\"og:image:type\" content=\"image\/jpeg\" \/>\n<meta name=\"twitter:card\" content=\"summary_large_image\" \/>\n<!-- \/ Yoast SEO plugin. -->","yoast_head_json":{"title":"Informe de C\u00e1lculo Estructural y Mediciones - ADV","robots":{"index":"index","follow":"follow","max-snippet":"max-snippet:-1","max-image-preview":"max-image-preview:large","max-video-preview":"max-video-preview:-1"},"canonical":"https:\/\/advproyectosavanzados.com\/en\/producto\/informe-de-calculo-estructural-y-mediciones\/","og_locale":"en_US","og_type":"article","og_title":"Informe de C\u00e1lculo Estructural y Mediciones - ADV","og_description":"Informes certificados para c\u00e1lculos y mediciones precisas.","og_url":"https:\/\/advproyectosavanzados.com\/en\/producto\/informe-de-calculo-estructural-y-mediciones\/","og_site_name":"ADV","og_image":[{"width":1792,"height":1456,"url":"https:\/\/advproyectosavanzados.com\/wp-content\/uploads\/2025\/03\/Leonardo_Vision_XL_La_imagen_muestra_un_espacio_arquitectnico_0.jpg","type":"image\/jpeg"}],"twitter_card":"summary_large_image","schema":{"@context":"https:\/\/schema.org","@graph":[{"@type":"WebPage","@id":"https:\/\/advproyectosavanzados.com\/en\/producto\/informe-de-calculo-estructural-y-mediciones\/","url":"https:\/\/advproyectosavanzados.com\/en\/producto\/informe-de-calculo-estructural-y-mediciones\/","name":"Informe de C\u00e1lculo Estructural y Mediciones - ADV","isPartOf":{"@id":"https:\/\/advproyectosavanzados.com\/en\/#website"},"datePublished":"2025-03-15T20:49:29+00:00","breadcrumb":{"@id":"https:\/\/advproyectosavanzados.com\/en\/producto\/informe-de-calculo-estructural-y-mediciones\/#breadcrumb"},"inLanguage":"en-US","potentialAction":[{"@type":"ReadAction","target":["https:\/\/advproyectosavanzados.com\/en\/producto\/informe-de-calculo-estructural-y-mediciones\/"]}]},{"@type":"BreadcrumbList","@id":"https:\/\/advproyectosavanzados.com\/en\/producto\/informe-de-calculo-estructural-y-mediciones\/#breadcrumb","itemListElement":[{"@type":"ListItem","position":1,"name":"Portada","item":"https:\/\/advproyectosavanzados.com\/en\/"},{"@type":"ListItem","position":2,"name":"Tienda","item":"https:\/\/advproyectosavanzados.com\/en\/tienda\/"},{"@type":"ListItem","position":3,"name":"Informe de C\u00e1lculo Estructural y Mediciones"}]},{"@type":"WebSite","@id":"https:\/\/advproyectosavanzados.com\/en\/#website","url":"https:\/\/advproyectosavanzados.com\/en\/","name":"ADV","description":"","publisher":{"@id":"https:\/\/advproyectosavanzados.com\/en\/#organization"},"potentialAction":[{"@type":"SearchAction","target":{"@type":"EntryPoint","urlTemplate":"https:\/\/advproyectosavanzados.com\/en\/?s={search_term_string}"},"query-input":{"@type":"PropertyValueSpecification","valueRequired":true,"valueName":"search_term_string"}}],"inLanguage":"en-US"},{"@type":"Organization","@id":"https:\/\/advproyectosavanzados.com\/en\/#organization","name":"ADV","url":"https:\/\/advproyectosavanzados.com\/en\/","logo":{"@type":"ImageObject","inLanguage":"en-US","@id":"https:\/\/advproyectosavanzados.com\/en\/#\/schema\/logo\/image\/","url":"https:\/\/advproyectosavanzados.com\/wp-content\/uploads\/2025\/03\/67d45bd122220_advanced-projects.png","contentUrl":"https:\/\/advproyectosavanzados.com\/wp-content\/uploads\/2025\/03\/67d45bd122220_advanced-projects.png","width":2560,"height":1810,"caption":"ADV"},"image":{"@id":"https:\/\/advproyectosavanzados.com\/en\/#\/schema\/logo\/image\/"}}]}},"_links":{"self":[{"href":"https:\/\/advproyectosavanzados.com\/en\/wp-json\/wp\/v2\/product\/608","targetHints":{"allow":["GET"]}}],"collection":[{"href":"https:\/\/advproyectosavanzados.com\/en\/wp-json\/wp\/v2\/product"}],"about":[{"href":"https:\/\/advproyectosavanzados.com\/en\/wp-json\/wp\/v2\/types\/product"}],"replies":[{"embeddable":true,"href":"https:\/\/advproyectosavanzados.com\/en\/wp-json\/wp\/v2\/comments?post=608"}],"wp:attachment":[{"href":"https:\/\/advproyectosavanzados.com\/en\/wp-json\/wp\/v2\/media?parent=608"}],"wp:term":[{"taxonomy":"marca","embeddable":true,"href":"https:\/\/advproyectosavanzados.com\/en\/wp-json\/wp\/v2\/marca?post=608"},{"taxonomy":"product_brand","embeddable":true,"href":"https:\/\/advproyectosavanzados.com\/en\/wp-json\/wp\/v2\/product_brand?post=608"},{"taxonomy":"product_cat","embeddable":true,"href":"https:\/\/advproyectosavanzados.com\/en\/wp-json\/wp\/v2\/product_cat?post=608"},{"taxonomy":"product_tag","embeddable":true,"href":"https:\/\/advproyectosavanzados.com\/en\/wp-json\/wp\/v2\/product_tag?post=608"}],"curies":[{"name":"wp","href":"https:\/\/api.w.org\/{rel}","templated":true}]}}